{"id":18,"date":"2025-07-04T19:10:59","date_gmt":"2025-07-04T19:10:59","guid":{"rendered":"https:\/\/kechcap.com\/?page_id=18"},"modified":"2025-07-08T17:29:27","modified_gmt":"2025-07-08T17:29:27","slug":"accueil-reservation-navette-aeroport-casablanca","status":"publish","type":"page","link":"https:\/\/kechcap.com\/en\/accueil-reservation-navette-aeroport-casablanca\/","title":{"rendered":"Our Services"},"content":{"rendered":"<div data-elementor-type=\"wp-page\" data-elementor-id=\"18\" class=\"elementor elementor-18\">\n\t\t\t\t<div class=\"elementor-element elementor-element-0bb9e49 e-flex e-con-boxed e-con e-parent\" data-id=\"0bb9e49\" data-element_type=\"container\" data-settings=\"{&quot;background_background&quot;:&quot;gradient&quot;}\">\n\t\t\t\t\t<div class=\"e-con-inner\">\n\t\t\t\t<div class=\"elementor-element elementor-element-8648760 elementor-widget elementor-widget-heading\" data-id=\"8648760\" data-element_type=\"widget\" data-widget_type=\"heading.default\">\n\t\t\t\t\t<h2 class=\"elementor-heading-title elementor-size-default\">Our Premium Services<\/h2>\t\t\t\t<\/div>\n\t\t\t\t<div class=\"elementor-element elementor-element-1aabbdb elementor-widget elementor-widget-text-editor\" data-id=\"1aabbdb\" data-element_type=\"widget\" data-widget_type=\"text-editor.default\">\n\t\t\t\t\t\t\t\t\t<p>Transportation solutions designed to meet all your needs with elegance and efficiency.<\/p>\t\t\t\t\t\t\t\t<\/div>\n\t\t\t\t<div class=\"elementor-element elementor-element-c743739 elementor-widget elementor-widget-heading\" data-id=\"c743739\" data-element_type=\"widget\" data-widget_type=\"heading.default\">\n\t\t\t\t\t<h2 class=\"elementor-heading-title elementor-size-default\">Airport Transfers<\/h2>\t\t\t\t<\/div>\n\t\t<div class=\"elementor-element elementor-element-9674add e-grid e-con-full e-con e-child\" data-id=\"9674add\" data-element_type=\"container\">\n\t\t\t\t<div class=\"elementor-element elementor-element-07b780f elementor-widget elementor-widget-image\" data-id=\"07b780f\" data-element_type=\"widget\" data-widget_type=\"image.default\">\n\t\t\t\t\t\t\t\t\t\t\t\t\t\t\t<img fetchpriority=\"high\" decoding=\"async\" width=\"800\" height=\"600\" src=\"https:\/\/kechcap.com\/wp-content\/uploads\/2025\/07\/trsbfert-aerop-1024x768.jpeg\" class=\"attachment-large size-large wp-image-109\" alt=\"\" srcset=\"https:\/\/kechcap.com\/wp-content\/uploads\/2025\/07\/trsbfert-aerop-1024x768.jpeg 1024w, https:\/\/kechcap.com\/wp-content\/uploads\/2025\/07\/trsbfert-aerop-300x225.jpeg 300w, https:\/\/kechcap.com\/wp-content\/uploads\/2025\/07\/trsbfert-aerop-768x576.jpeg 768w, https:\/\/kechcap.com\/wp-content\/uploads\/2025\/07\/trsbfert-aerop-1536x1152.jpeg 1536w, https:\/\/kechcap.com\/wp-content\/uploads\/2025\/07\/trsbfert-aerop-2048x1536.jpeg 2048w\" sizes=\"(max-width: 800px) 100vw, 800px\" \/>\t\t\t\t\t\t\t\t\t\t\t\t\t\t\t<\/div>\n\t\t\t\t<div class=\"elementor-element elementor-element-f0f0341 elementor-widget elementor-widget-text-editor\" data-id=\"f0f0341\" data-element_type=\"widget\" data-widget_type=\"text-editor.default\">\n\t\t\t\t\t\t\t\t\t<p class=\"text-gray-400 flex-grow mb-6\">Start or end your journey with complete peace of mind. We provide transfers to and from all airports in Morocco (Casablanca, Marrakech, Rabat, etc.) with personalized service.<\/p><ul class=\"text-gray-300 space-y-2\"><li class=\"flex items-center\">Comfort &amp; Premium Vehicles<\/li><li class=\"flex items-center\">Punctuality Guaranteed<\/li><li class=\"flex items-center\">Fixed and Transparent Prices<\/li><\/ul>\t\t\t\t\t\t\t\t<\/div>\n\t\t\t\t<\/div>\n\t\t\t\t\t<\/div>\n\t\t\t\t<\/div>\n\t\t<div class=\"elementor-element elementor-element-f6c63da e-flex e-con-boxed e-con e-parent\" data-id=\"f6c63da\" data-element_type=\"container\" data-settings=\"{&quot;background_background&quot;:&quot;gradient&quot;}\">\n\t\t\t\t\t<div class=\"e-con-inner\">\n\t\t\t\t<div class=\"elementor-element elementor-element-9a50893 elementor-widget elementor-widget-heading\" data-id=\"9a50893\" data-element_type=\"widget\" data-widget_type=\"heading.default\">\n\t\t\t\t\t<h2 class=\"elementor-heading-title elementor-size-default\">Long-Distance Trips<\/h2>\t\t\t\t<\/div>\n\t\t<div class=\"elementor-element elementor-element-27aa8b5 e-grid e-con-full e-con e-child\" data-id=\"27aa8b5\" data-element_type=\"container\">\n\t\t\t\t<div class=\"elementor-element elementor-element-9752cea elementor-widget elementor-widget-image\" data-id=\"9752cea\" data-element_type=\"widget\" data-widget_type=\"image.default\">\n\t\t\t\t\t\t\t\t\t\t\t\t\t\t\t<img decoding=\"async\" width=\"800\" height=\"400\" src=\"https:\/\/kechcap.com\/wp-content\/uploads\/2025\/07\/trajet-longs-1024x512.jpeg\" class=\"attachment-large size-large wp-image-110\" alt=\"\" srcset=\"https:\/\/kechcap.com\/wp-content\/uploads\/2025\/07\/trajet-longs-1024x512.jpeg 1024w, https:\/\/kechcap.com\/wp-content\/uploads\/2025\/07\/trajet-longs-300x150.jpeg 300w, https:\/\/kechcap.com\/wp-content\/uploads\/2025\/07\/trajet-longs-768x384.jpeg 768w, https:\/\/kechcap.com\/wp-content\/uploads\/2025\/07\/trajet-longs-1536x768.jpeg 1536w, https:\/\/kechcap.com\/wp-content\/uploads\/2025\/07\/trajet-longs-2048x1024.jpeg 2048w\" sizes=\"(max-width: 800px) 100vw, 800px\" \/>\t\t\t\t\t\t\t\t\t\t\t\t\t\t\t<\/div>\n\t\t\t\t<div class=\"elementor-element elementor-element-5928fa2 elementor-widget elementor-widget-text-editor\" data-id=\"5928fa2\" data-element_type=\"widget\" data-widget_type=\"text-editor.default\">\n\t\t\t\t\t\t\t\t\t<p class=\"text-gray-400 flex-grow mb-6\">Travel comfortably between cities in Morocco. Whether for business or tourism, we will get you to your destination safely.<\/p><ul class=\"text-gray-300 space-y-2\"><li class=\"flex items-center\">Comfort &amp; Premium Vehicles<\/li><li class=\"flex items-center\">Punctuality Guaranteed<\/li><li class=\"flex items-center\">Fixed and Transparent Prices<\/li><\/ul>\t\t\t\t\t\t\t\t<\/div>\n\t\t\t\t<\/div>\n\t\t\t\t\t<\/div>\n\t\t\t\t<\/div>\n\t\t<div class=\"elementor-element elementor-element-d17aaee e-flex e-con-boxed e-con e-parent\" data-id=\"d17aaee\" data-element_type=\"container\" data-settings=\"{&quot;background_background&quot;:&quot;gradient&quot;}\">\n\t\t\t\t\t<div class=\"e-con-inner\">\n\t\t\t\t<div class=\"elementor-element elementor-element-27b8236 elementor-widget elementor-widget-heading\" data-id=\"27b8236\" data-element_type=\"widget\" data-widget_type=\"heading.default\">\n\t\t\t\t\t<h2 class=\"elementor-heading-title elementor-size-default\">Availability<\/h2>\t\t\t\t<\/div>\n\t\t\t\t\t<\/div>\n\t\t\t\t<\/div>\n\t\t<div class=\"elementor-element elementor-element-a638b4f e-grid e-con-full e-con e-parent\" data-id=\"a638b4f\" data-element_type=\"container\" data-settings=\"{&quot;background_background&quot;:&quot;gradient&quot;}\">\n\t\t\t\t<div class=\"elementor-element elementor-element-0fa1673 elementor-widget elementor-widget-image\" data-id=\"0fa1673\" data-element_type=\"widget\" data-widget_type=\"image.default\">\n\t\t\t\t\t\t\t\t\t\t\t\t\t\t\t<img decoding=\"async\" width=\"800\" height=\"534\" src=\"https:\/\/kechcap.com\/wp-content\/uploads\/2025\/07\/pexels-ketut-subiyanto-4964906-1024x683.jpg\" class=\"attachment-large size-large wp-image-61\" alt=\"\" srcset=\"https:\/\/kechcap.com\/wp-content\/uploads\/2025\/07\/pexels-ketut-subiyanto-4964906-1024x683.jpg 1024w, https:\/\/kechcap.com\/wp-content\/uploads\/2025\/07\/pexels-ketut-subiyanto-4964906-300x200.jpg 300w, https:\/\/kechcap.com\/wp-content\/uploads\/2025\/07\/pexels-ketut-subiyanto-4964906-768x512.jpg 768w, https:\/\/kechcap.com\/wp-content\/uploads\/2025\/07\/pexels-ketut-subiyanto-4964906-1536x1024.jpg 1536w, https:\/\/kechcap.com\/wp-content\/uploads\/2025\/07\/pexels-ketut-subiyanto-4964906-2048x1365.jpg 2048w\" sizes=\"(max-width: 800px) 100vw, 800px\" \/>\t\t\t\t\t\t\t\t\t\t\t\t\t\t\t<\/div>\n\t\t\t\t<div class=\"elementor-element elementor-element-db86916 elementor-widget elementor-widget-text-editor\" data-id=\"db86916\" data-element_type=\"widget\" data-widget_type=\"text-editor.default\">\n\t\t\t\t\t\t\t\t\t<p class=\"text-gray-400 flex-grow mb-6\">Need a driver for a few hours or the whole day? Book a vehicle with a driver for your appointments, sightseeing tours, or events.<\/p><ul class=\"text-gray-300 space-y-2\"><li class=\"flex items-center\">Comfort &amp; Premium Vehicles<\/li><li class=\"flex items-center\">Punctuality Guaranteed<\/li><li class=\"flex items-center\">Fixed and Transparent Prices<\/li><\/ul>\t\t\t\t\t\t\t\t<\/div>\n\t\t\t\t<\/div>\n\t\t<div class=\"elementor-element elementor-element-8c1574f e-flex e-con-boxed e-con e-parent\" data-id=\"8c1574f\" data-element_type=\"container\" data-settings=\"{&quot;background_background&quot;:&quot;gradient&quot;}\">\n\t\t\t\t\t<div class=\"e-con-inner\">\n\t\t\t\t<div class=\"elementor-element elementor-element-1281595 elementor-widget elementor-widget-heading\" data-id=\"1281595\" data-element_type=\"widget\" data-widget_type=\"heading.default\">\n\t\t\t\t\t<h2 class=\"elementor-heading-title elementor-size-default\">Personalized Services<\/h2>\t\t\t\t<\/div>\n\t\t<div class=\"elementor-element elementor-element-264db77 e-grid e-con-full e-con e-child\" data-id=\"264db77\" data-element_type=\"container\">\n\t\t\t\t<div class=\"elementor-element elementor-element-563c2ac elementor-widget elementor-widget-image\" data-id=\"563c2ac\" data-element_type=\"widget\" data-widget_type=\"image.default\">\n\t\t\t\t\t\t\t\t\t\t\t\t\t\t\t<img loading=\"lazy\" decoding=\"async\" width=\"800\" height=\"535\" src=\"https:\/\/kechcap.com\/wp-content\/uploads\/2025\/07\/sces-perso-1024x685.jpeg\" class=\"attachment-large size-large wp-image-112\" alt=\"\" srcset=\"https:\/\/kechcap.com\/wp-content\/uploads\/2025\/07\/sces-perso-1024x685.jpeg 1024w, https:\/\/kechcap.com\/wp-content\/uploads\/2025\/07\/sces-perso-300x201.jpeg 300w, https:\/\/kechcap.com\/wp-content\/uploads\/2025\/07\/sces-perso-768x514.jpeg 768w, https:\/\/kechcap.com\/wp-content\/uploads\/2025\/07\/sces-perso-1536x1028.jpeg 1536w, https:\/\/kechcap.com\/wp-content\/uploads\/2025\/07\/sces-perso-2048x1371.jpeg 2048w\" sizes=\"(max-width: 800px) 100vw, 800px\" \/>\t\t\t\t\t\t\t\t\t\t\t\t\t\t\t<\/div>\n\t\t\t\t<div class=\"elementor-element elementor-element-2a2f555 elementor-widget elementor-widget-text-editor\" data-id=\"2a2f555\" data-element_type=\"widget\" data-widget_type=\"text-editor.default\">\n\t\t\t\t\t\t\t\t\t<p class=\"text-gray-400 flex-grow mb-6\">Have a special request? We tailor our services to your needs: customized sightseeing tours, event transportation, VIP reception. Contact us for a personalized offer.<\/p><ul class=\"text-gray-300 space-y-2\"><li class=\"flex items-center\">Comfort &amp; Premium Vehicles<\/li><li class=\"flex items-center\">Punctuality Guaranteed<\/li><li class=\"flex items-center\">Fixed and Transparent Prices<\/li><\/ul>\t\t\t\t\t\t\t\t<\/div>\n\t\t\t\t<\/div>\n\t\t\t\t\t<\/div>\n\t\t\t\t<\/div>\n\t\t<div class=\"elementor-element elementor-element-c35c60e e-flex e-con-boxed e-con e-parent\" data-id=\"c35c60e\" data-element_type=\"container\" data-settings=\"{&quot;background_background&quot;:&quot;classic&quot;}\">\n\t\t\t\t\t<div class=\"e-con-inner\">\n\t\t\t\t<div class=\"elementor-element elementor-element-d44fbd4 elementor-widget elementor-widget-heading\" data-id=\"d44fbd4\" data-element_type=\"widget\" data-widget_type=\"heading.default\">\n\t\t\t\t\t<h2 class=\"elementor-heading-title elementor-size-default\">Ready to travel with us?<\/h2>\t\t\t\t<\/div>\n\t\t\t\t<div class=\"elementor-element elementor-element-2403153 elementor-widget elementor-widget-text-editor\" data-id=\"2403153\" data-element_type=\"widget\" data-widget_type=\"text-editor.default\">\n\t\t\t\t\t\t\t\t\t<p>Book your driver in just a few clicks and experience Kechcap.<\/p>\t\t\t\t\t\t\t\t<\/div>\n\t\t\t\t<div class=\"elementor-element elementor-element-42ae796 elementor-align-center elementor-widget elementor-widget-button\" data-id=\"42ae796\" data-element_type=\"widget\" data-widget_type=\"button.default\">\n\t\t\t\t\t\t\t\t\t\t<a class=\"elementor-button elementor-button-link elementor-size-sm\" href=\"https:\/\/kechcap.com\/en\/reserver-maintenant\/\">\n\t\t\t\t\t\t<span class=\"elementor-button-content-wrapper\">\n\t\t\t\t\t\t\t\t\t<span class=\"elementor-button-text\">Book My Ride <\/span>\n\t\t\t\t\t<\/span>\n\t\t\t\t\t<\/a>\n\t\t\t\t\t\t\t\t<\/div>\n\t\t\t\t\t<\/div>\n\t\t\t\t<\/div>\n\t\t<div class=\"elementor-element elementor-element-abf9267 e-flex e-con-boxed e-con e-parent\" data-id=\"abf9267\" data-element_type=\"container\">\n\t\t\t\t\t<div class=\"e-con-inner\">\n\t\t\t\t<div class=\"elementor-element elementor-element-d5b8bed e-grid-align-right elementor-shape-rounded elementor-grid-0 elementor-invisible elementor-widget elementor-widget-social-icons\" data-id=\"d5b8bed\" data-element_type=\"widget\" data-settings=\"{&quot;_animation&quot;:&quot;fadeInDown&quot;}\" data-widget_type=\"social-icons.default\">\n\t\t\t\t\t\t\t<div class=\"elementor-social-icons-wrapper elementor-grid\">\n\t\t\t\t\t\t\t<span class=\"elementor-grid-item\">\n\t\t\t\t\t<a class=\"elementor-icon elementor-social-icon elementor-social-icon-whatsapp elementor-repeater-item-f997a05\" href=\"https:\/\/wa.me\/33758228532%20\" target=\"_blank\" rel=\"noopener\">\n\t\t\t\t\t\t<span class=\"elementor-screen-only\">Whatsapp<\/span>\n\t\t\t\t\t\t<svg aria-hidden=\"true\" class=\"e-font-icon-svg e-fab-whatsapp\" viewbox=\"0 0 448 512\" xmlns=\"http:\/\/www.w3.org\/2000\/svg\"><path d=\"M380.9 97.1C339 55.1 283.2 32 223.9 32c-122.4 0-222 99.6-222 222 0 39.1 10.2 77.3 29.6 111L0 480l117.7-30.9c32.4 17.7 68.9 27 106.1 27h.1c122.3 0 224.1-99.6 224.1-222 0-59.3-25.2-115-67.1-157zm-157 341.6c-33.2 0-65.7-8.9-94-25.7l-6.7-4-69.8 18.3L72 359.2l-4.4-7c-18.5-29.4-28.2-63.3-28.2-98.2 0-101.7 82.8-184.5 184.6-184.5 49.3 0 95.6 19.2 130.4 54.1 34.8 34.9 56.2 81.2 56.1 130.5 0 101.8-84.9 184.6-186.6 184.6zm101.2-138.2c-5.5-2.8-32.8-16.2-37.9-18-5.1-1.9-8.8-2.8-12.5 2.8-3.7 5.6-14.3 18-17.6 21.8-3.2 3.7-6.5 4.2-12 1.4-32.6-16.3-54-29.1-75.5-66-5.7-9.8 5.7-9.1 16.3-30.3 1.8-3.7.9-6.9-.5-9.7-1.4-2.8-12.5-30.1-17.1-41.2-4.5-10.8-9.1-9.3-12.5-9.5-3.2-.2-6.9-.2-10.6-.2-3.7 0-9.7 1.4-14.8 6.9-5.1 5.6-19.4 19-19.4 46.3 0 27.3 19.9 53.7 22.6 57.4 2.8 3.7 39.1 59.7 94.8 83.8 35.2 15.2 49 16.5 66.6 13.9 10.7-1.6 32.8-13.4 37.4-26.4 4.6-13 4.6-24.1 3.2-26.4-1.3-2.5-5-3.9-10.5-6.6z\"><\/path><\/svg>\t\t\t\t\t<\/a>\n\t\t\t\t<\/span>\n\t\t\t\t\t<\/div>\n\t\t\t\t\t\t<\/div>\n\t\t\t\t\t<\/div>\n\t\t\t\t<\/div>\n\t\t\t\t<\/div>","protected":false},"excerpt":{"rendered":"<p>Nos Services Premium Des solutions de transport con\u00e7ues pour r\u00e9pondre \u00e0 tous vos besoins avec \u00e9l\u00e9gance et efficacit\u00e9. Transferts A\u00e9roport Commencez ou terminez votre voyage en toute tranquillit\u00e9. Nous assurons vos trajets depuis et vers tous les a\u00e9roports du Maroc (Casablanca, Marrakech, Rabat, etc.) avec un accueil personnalis\u00e9. Confort &amp; V\u00e9hicules premium Ponctualit\u00e9 garantie Prix [&hellip;]<\/p>","protected":false},"author":1,"featured_media":0,"parent":0,"menu_order":0,"comment_status":"closed","ping_status":"closed","template":"","meta":{"footnotes":""},"class_list":["post-18","page","type-page","status-publish","hentry"],"_links":{"self":[{"href":"https:\/\/kechcap.com\/en\/wp-json\/wp\/v2\/pages\/18","targetHints":{"allow":["GET"]}}],"collection":[{"href":"https:\/\/kechcap.com\/en\/wp-json\/wp\/v2\/pages"}],"about":[{"href":"https:\/\/kechcap.com\/en\/wp-json\/wp\/v2\/types\/page"}],"author":[{"embeddable":true,"href":"https:\/\/kechcap.com\/en\/wp-json\/wp\/v2\/users\/1"}],"replies":[{"embeddable":true,"href":"https:\/\/kechcap.com\/en\/wp-json\/wp\/v2\/comments?post=18"}],"version-history":[{"count":25,"href":"https:\/\/kechcap.com\/en\/wp-json\/wp\/v2\/pages\/18\/revisions"}],"predecessor-version":[{"id":315,"href":"https:\/\/kechcap.com\/en\/wp-json\/wp\/v2\/pages\/18\/revisions\/315"}],"wp:attachment":[{"href":"https:\/\/kechcap.com\/en\/wp-json\/wp\/v2\/media?parent=18"}],"curies":[{"name":"wp","href":"https:\/\/api.w.org\/{rel}","templated":true}]}}