{"id":29,"date":"2025-07-05T01:02:15","date_gmt":"2025-07-05T01:02:15","guid":{"rendered":"https:\/\/kechcap.com\/?page_id=29"},"modified":"2025-07-08T17:21:22","modified_gmt":"2025-07-08T17:21:22","slug":"contactez-kechcap-navette-aeroport-casablanca","status":"publish","type":"page","link":"https:\/\/kechcap.com\/en\/contactez-kechcap-navette-aeroport-casablanca\/","title":{"rendered":"About Us"},"content":{"rendered":"<div data-elementor-type=\"wp-page\" data-elementor-id=\"29\" class=\"elementor elementor-29\">\n\t\t\t\t<div class=\"elementor-element elementor-element-33c309b e-flex e-con-boxed e-con e-parent\" data-id=\"33c309b\" data-element_type=\"container\">\n\t\t\t\t\t<div class=\"e-con-inner\">\n\t\t\t\t<div class=\"elementor-element elementor-element-c2dda5b elementor-invisible elementor-widget elementor-widget-heading\" data-id=\"c2dda5b\" data-element_type=\"widget\" data-settings=\"{&quot;_animation&quot;:&quot;zoomIn&quot;}\" data-widget_type=\"heading.default\">\n\t\t\t\t\t<h2 class=\"elementor-heading-title elementor-size-default\">Our Commitment: Your Satisfaction<\/h2>\t\t\t\t<\/div>\n\t\t\t\t<div class=\"elementor-element elementor-element-860d1f6 elementor-widget elementor-widget-image\" data-id=\"860d1f6\" data-element_type=\"widget\" data-widget_type=\"image.default\">\n\t\t\t\t\t\t\t\t\t\t\t\t\t\t\t<img fetchpriority=\"high\" decoding=\"async\" width=\"2400\" height=\"1430\" src=\"https:\/\/kechcap.com\/wp-content\/uploads\/2025\/07\/TAXI.webp\" class=\"attachment-full size-full wp-image-105\" alt=\"\" srcset=\"https:\/\/kechcap.com\/wp-content\/uploads\/2025\/07\/TAXI.webp 2400w, https:\/\/kechcap.com\/wp-content\/uploads\/2025\/07\/TAXI-300x179.webp 300w, https:\/\/kechcap.com\/wp-content\/uploads\/2025\/07\/TAXI-1024x610.webp 1024w, https:\/\/kechcap.com\/wp-content\/uploads\/2025\/07\/TAXI-768x458.webp 768w, https:\/\/kechcap.com\/wp-content\/uploads\/2025\/07\/TAXI-1536x915.webp 1536w, https:\/\/kechcap.com\/wp-content\/uploads\/2025\/07\/TAXI-2048x1220.webp 2048w\" sizes=\"(max-width: 2400px) 100vw, 2400px\" \/>\t\t\t\t\t\t\t\t\t\t\t\t\t\t\t<\/div>\n\t\t\t\t<div class=\"elementor-element elementor-element-7c04f40 elementor-widget elementor-widget-heading\" data-id=\"7c04f40\" data-element_type=\"widget\" data-widget_type=\"heading.default\">\n\t\t\t\t\t<h2 class=\"elementor-heading-title elementor-size-default\">KechCap: Excellence in Transportation<\/h2>\t\t\t\t<\/div>\n\t\t\t\t<div class=\"elementor-element elementor-element-58e1f75 elementor-widget elementor-widget-text-editor\" data-id=\"58e1f75\" data-element_type=\"widget\" data-widget_type=\"text-editor.default\">\n\t\t\t\t\t\t\t\t\t<p>KechCap is a platform specialized in premium private transportation in Morocco. We are passionate about punctuality, safety, and the comfort of our passengers.<\/p><p>Our goal is to simplify the booking of your airport transfers and long-distance trips while ensuring top-quality service, 24\/7.<\/p><p>Our drivers are carefully selected, experienced, and have in-depth knowledge of cities such as Casablanca, Rabat, Marrakech, Fes, and Tangier.<\/p><p>By choosing KechCap, you can be sure to travel with complete peace of mind, with fixed, transparent, and surprise-free pricing.<\/p>\t\t\t\t\t\t\t\t<\/div>\n\t\t\t\t\t<\/div>\n\t\t\t\t<\/div>\n\t\t<div class=\"elementor-element elementor-element-a9e3f11 e-grid e-con-full e-con e-parent\" data-id=\"a9e3f11\" data-element_type=\"container\">\n\t\t\t\t<div class=\"elementor-element elementor-element-91ab423 elementor-widget elementor-widget-text-editor\" data-id=\"91ab423\" data-element_type=\"widget\" data-widget_type=\"text-editor.default\">\n\t\t\t\t\t\t\t\t\t<h2><span style=\"color: #ccffcc;\">Quality of Service<\/span><\/h2><h2>We strive for excellence on every trip to provide you with an unforgettable experience.<\/h2>\t\t\t\t\t\t\t\t<\/div>\n\t\t\t\t<div class=\"elementor-element elementor-element-2ae729f elementor-widget elementor-widget-text-editor\" data-id=\"2ae729f\" data-element_type=\"widget\" data-widget_type=\"text-editor.default\">\n\t\t\t\t\t\t\t\t\t<h2><span style=\"color: #ccffcc;\">Punctuality\u00a0<\/span><\/h2><h2>Your time is valuable. We are committed to always being on time.<\/h2>\t\t\t\t\t\t\t\t<\/div>\n\t\t\t\t<div class=\"elementor-element elementor-element-7287ba0 elementor-widget elementor-widget-text-editor\" data-id=\"7287ba0\" data-element_type=\"widget\" data-widget_type=\"text-editor.default\">\n\t\t\t\t\t\t\t\t\t<h2 style=\"color: #008080; font-family: Poppins, sans-serif; font-weight: 600;\" data-elementor-setting-key=\"title\" data-pen-placeholder=\"\u00c9crivez ici...\"><span style=\"color: #ccffcc;\">Safety and Comfort<\/span><\/h2><h2>Our vehicles are modern, well-maintained, and equipped for your comfort.<\/h2>\t\t\t\t\t\t\t\t<\/div>\n\t\t\t\t<div class=\"elementor-element elementor-element-307a8db elementor-widget elementor-widget-text-editor\" data-id=\"307a8db\" data-element_type=\"widget\" data-widget_type=\"text-editor.default\">\n\t\t\t\t\t\t\t\t\t<h2><span style=\"color: #ccffcc;\">\"Price Transparency\"<\/span>\u200b<\/h2><h2 style=\"text-align: center;\"><span style=\"color: #333333;\">The price is clear and fixed in advance, with no hidden fees.<\/span><\/h2>\t\t\t\t\t\t\t\t<\/div>\n\t\t\t\t<\/div>\n\t\t<div class=\"elementor-element elementor-element-e380607 e-flex e-con-boxed e-con e-parent\" data-id=\"e380607\" data-element_type=\"container\">\n\t\t\t\t\t<div class=\"e-con-inner\">\n\t\t\t\t<div class=\"elementor-element elementor-element-62131c4 elementor-invisible elementor-widget elementor-widget-heading\" data-id=\"62131c4\" data-element_type=\"widget\" data-settings=\"{&quot;_animation&quot;:&quot;zoomIn&quot;}\" data-widget_type=\"heading.default\">\n\t\t\t\t\t<h2 class=\"elementor-heading-title elementor-size-default\">Ready for a unique travel experience?\n<\/h2>\t\t\t\t<\/div>\n\t\t\t\t<div class=\"elementor-element elementor-element-29ba4e2 elementor-widget elementor-widget-text-editor\" data-id=\"29ba4e2\" data-element_type=\"widget\" data-widget_type=\"text-editor.default\">\n\t\t\t\t\t\t\t\t\t<p class=\"text-gray-400 mt-2 mb-6\">Let us take care of your trip and discover the true meaning of premium service.<\/p>\t\t\t\t\t\t\t\t<\/div>\n\t\t\t\t<div class=\"elementor-element elementor-element-1823bca elementor-align-center elementor-widget elementor-widget-button\" data-id=\"1823bca\" data-element_type=\"widget\" data-widget_type=\"button.default\">\n\t\t\t\t\t\t\t\t\t\t<a class=\"elementor-button elementor-button-link elementor-size-sm\" href=\"https:\/\/kechcap.com\/en\/reserver-maintenant\/\">\n\t\t\t\t\t\t<span class=\"elementor-button-content-wrapper\">\n\t\t\t\t\t\t\t\t\t<span class=\"elementor-button-text\">Book your ride<\/span>\n\t\t\t\t\t<\/span>\n\t\t\t\t\t<\/a>\n\t\t\t\t\t\t\t\t<\/div>\n\t\t\t\t\t<\/div>\n\t\t\t\t<\/div>\n\t\t<div class=\"elementor-element elementor-element-8146efb e-flex e-con-boxed e-con e-parent\" data-id=\"8146efb\" data-element_type=\"container\">\n\t\t\t\t\t<div class=\"e-con-inner\">\n\t\t\t\t<div class=\"elementor-element elementor-element-e13b4fa elementor-shape-rounded elementor-grid-0 e-grid-align-center elementor-invisible elementor-widget elementor-widget-social-icons\" data-id=\"e13b4fa\" data-element_type=\"widget\" data-settings=\"{&quot;_animation&quot;:&quot;fadeInDown&quot;}\" data-widget_type=\"social-icons.default\">\n\t\t\t\t\t\t\t<div class=\"elementor-social-icons-wrapper elementor-grid\">\n\t\t\t\t\t\t\t<span class=\"elementor-grid-item\">\n\t\t\t\t\t<a class=\"elementor-icon elementor-social-icon elementor-social-icon-whatsapp elementor-repeater-item-1472728\" href=\"https:\/\/wa.me\/33758228532\" target=\"_blank\" rel=\"noopener\">\n\t\t\t\t\t\t<span class=\"elementor-screen-only\">Whatsapp<\/span>\n\t\t\t\t\t\t<svg aria-hidden=\"true\" class=\"e-font-icon-svg e-fab-whatsapp\" viewbox=\"0 0 448 512\" xmlns=\"http:\/\/www.w3.org\/2000\/svg\"><path d=\"M380.9 97.1C339 55.1 283.2 32 223.9 32c-122.4 0-222 99.6-222 222 0 39.1 10.2 77.3 29.6 111L0 480l117.7-30.9c32.4 17.7 68.9 27 106.1 27h.1c122.3 0 224.1-99.6 224.1-222 0-59.3-25.2-115-67.1-157zm-157 341.6c-33.2 0-65.7-8.9-94-25.7l-6.7-4-69.8 18.3L72 359.2l-4.4-7c-18.5-29.4-28.2-63.3-28.2-98.2 0-101.7 82.8-184.5 184.6-184.5 49.3 0 95.6 19.2 130.4 54.1 34.8 34.9 56.2 81.2 56.1 130.5 0 101.8-84.9 184.6-186.6 184.6zm101.2-138.2c-5.5-2.8-32.8-16.2-37.9-18-5.1-1.9-8.8-2.8-12.5 2.8-3.7 5.6-14.3 18-17.6 21.8-3.2 3.7-6.5 4.2-12 1.4-32.6-16.3-54-29.1-75.5-66-5.7-9.8 5.7-9.1 16.3-30.3 1.8-3.7.9-6.9-.5-9.7-1.4-2.8-12.5-30.1-17.1-41.2-4.5-10.8-9.1-9.3-12.5-9.5-3.2-.2-6.9-.2-10.6-.2-3.7 0-9.7 1.4-14.8 6.9-5.1 5.6-19.4 19-19.4 46.3 0 27.3 19.9 53.7 22.6 57.4 2.8 3.7 39.1 59.7 94.8 83.8 35.2 15.2 49 16.5 66.6 13.9 10.7-1.6 32.8-13.4 37.4-26.4 4.6-13 4.6-24.1 3.2-26.4-1.3-2.5-5-3.9-10.5-6.6z\"><\/path><\/svg>\t\t\t\t\t<\/a>\n\t\t\t\t<\/span>\n\t\t\t\t\t<\/div>\n\t\t\t\t\t\t<\/div>\n\t\t\t\t\t<\/div>\n\t\t\t\t<\/div>\n\t\t<div class=\"elementor-element elementor-element-b0e565a e-flex e-con-boxed e-con e-parent\" data-id=\"b0e565a\" data-element_type=\"container\">\n\t\t\t\t\t<div class=\"e-con-inner\">\n\t\t\t\t<div class=\"elementor-element elementor-element-0461b8f elementor-widget elementor-widget-image\" data-id=\"0461b8f\" data-element_type=\"widget\" data-widget_type=\"image.default\">\n\t\t\t\t\t\t\t\t\t\t\t\t\t\t\t<img decoding=\"async\" width=\"800\" height=\"519\" src=\"https:\/\/kechcap.com\/wp-content\/uploads\/2025\/07\/pexels-photo-590059-590059-1024x664.jpg\" class=\"attachment-large size-large wp-image-82\" alt=\"Close-up view of an illuminated taxi sign in a bustling city at night.\" srcset=\"https:\/\/kechcap.com\/wp-content\/uploads\/2025\/07\/pexels-photo-590059-590059-1024x664.jpg 1024w, https:\/\/kechcap.com\/wp-content\/uploads\/2025\/07\/pexels-photo-590059-590059-300x195.jpg 300w, https:\/\/kechcap.com\/wp-content\/uploads\/2025\/07\/pexels-photo-590059-590059-768x498.jpg 768w, https:\/\/kechcap.com\/wp-content\/uploads\/2025\/07\/pexels-photo-590059-590059-1536x996.jpg 1536w, https:\/\/kechcap.com\/wp-content\/uploads\/2025\/07\/pexels-photo-590059-590059-2048x1328.jpg 2048w\" sizes=\"(max-width: 800px) 100vw, 800px\" \/>\t\t\t\t\t\t\t\t\t\t\t\t\t\t\t<\/div>\n\t\t\t\t\t<\/div>\n\t\t\t\t<\/div>\n\t\t\t\t<\/div>","protected":false},"excerpt":{"rendered":"<p>Notre Engagement : Votre Satisfaction KechCap : L&rsquo;Excellence du Transport KechCap est une plateforme sp\u00e9cialis\u00e9e dans le transport priv\u00e9 haut de gamme au Maroc. Nous sommes passionn\u00e9s par la ponctualit\u00e9, la s\u00e9curit\u00e9 et le confort de nos passagers. Notre objectif est de simplifier la r\u00e9servation de vos transferts a\u00e9roport et longs trajets, tout en garantissant [&hellip;]<\/p>","protected":false},"author":1,"featured_media":0,"parent":0,"menu_order":0,"comment_status":"closed","ping_status":"closed","template":"","meta":{"footnotes":""},"class_list":["post-29","page","type-page","status-publish","hentry"],"_links":{"self":[{"href":"https:\/\/kechcap.com\/en\/wp-json\/wp\/v2\/pages\/29","targetHints":{"allow":["GET"]}}],"collection":[{"href":"https:\/\/kechcap.com\/en\/wp-json\/wp\/v2\/pages"}],"about":[{"href":"https:\/\/kechcap.com\/en\/wp-json\/wp\/v2\/types\/page"}],"author":[{"embeddable":true,"href":"https:\/\/kechcap.com\/en\/wp-json\/wp\/v2\/users\/1"}],"replies":[{"embeddable":true,"href":"https:\/\/kechcap.com\/en\/wp-json\/wp\/v2\/comments?post=29"}],"version-history":[{"count":35,"href":"https:\/\/kechcap.com\/en\/wp-json\/wp\/v2\/pages\/29\/revisions"}],"predecessor-version":[{"id":341,"href":"https:\/\/kechcap.com\/en\/wp-json\/wp\/v2\/pages\/29\/revisions\/341"}],"wp:attachment":[{"href":"https:\/\/kechcap.com\/en\/wp-json\/wp\/v2\/media?parent=29"}],"curies":[{"name":"wp","href":"https:\/\/api.w.org\/{rel}","templated":true}]}}