{"id":33,"date":"2025-07-05T01:04:36","date_gmt":"2025-07-05T01:04:36","guid":{"rendered":"https:\/\/kechcap.com\/?page_id=33"},"modified":"2025-07-08T17:38:43","modified_gmt":"2025-07-08T17:38:43","slug":"faq-kechcap-navette-aeroport-casablanca","status":"publish","type":"page","link":"https:\/\/kechcap.com\/en\/faq-kechcap-navette-aeroport-casablanca\/","title":{"rendered":"FAQ"},"content":{"rendered":"<div data-elementor-type=\"wp-page\" data-elementor-id=\"33\" class=\"elementor elementor-33\">\n\t\t\t\t<div class=\"elementor-element elementor-element-7971ea6 e-flex e-con-boxed e-con e-parent\" data-id=\"7971ea6\" data-element_type=\"container\">\n\t\t\t\t\t<div class=\"e-con-inner\">\n\t\t\t\t<div class=\"elementor-element elementor-element-4293aa0 elementor-widget elementor-widget-heading\" data-id=\"4293aa0\" data-element_type=\"widget\" data-widget_type=\"heading.default\">\n\t\t\t\t\t<h2 class=\"elementor-heading-title elementor-size-default\">Frequently Asked Questions<\/h2>\t\t\t\t<\/div>\n\t\t\t\t<div class=\"elementor-element elementor-element-51f9c73 elementor-widget elementor-widget-text-editor\" data-id=\"51f9c73\" data-element_type=\"widget\" data-widget_type=\"text-editor.default\">\n\t\t\t\t\t\t\t\t\t<p>Find answers to your questions here. If you don\u2019t find what you\u2019re looking for, feel free to contact us.<\/p>\t\t\t\t\t\t\t\t<\/div>\n\t\t\t\t<div class=\"elementor-element elementor-element-45b9ba5 elementor-widget elementor-widget-text-editor\" data-id=\"45b9ba5\" data-element_type=\"widget\" data-widget_type=\"text-editor.default\">\n\t\t\t\t\t\t\t\t\t<h3 class=\"flex\" data-orientation=\"vertical\" data-state=\"open\"><button id=\"radix-:rj:\" class=\"flex flex-1 items-center justify-between py-4 transition-all [&amp;[data-state=open]&gt;svg]:rotate-180 text-left text-lg font-semibold text-white hover:no-underline\" type=\"button\" aria-controls=\"radix-:rk:\" aria-expanded=\"true\" data-state=\"open\" data-orientation=\"vertical\" data-radix-collection-item=\"\">How can I book my ride?<\/button><\/h3><div id=\"radix-:rk:\" class=\"overflow-hidden text-sm transition-all data-[state=closed]:animate-accordion-up data-[state=open]:animate-accordion-down\" role=\"region\" data-state=\"open\" aria-labelledby=\"radix-:rj:\" data-orientation=\"vertical\"><div class=\"pb-4 pt-0\"><div class=\"text-gray-300 text-base pt-2\">It\u2019s very simple! Just fill out our form on the page.\u00a0<a class=\"text-brand-yellow underline hover:text-brand-gold\" href=\"https:\/\/wetaximaroc.com\/reservation\" target=\"_blank\" rel=\"noopener\">R\u00e9servation<\/a>We will then contact you promptly to confirm all the details with you.<\/div><\/div><\/div>\t\t\t\t\t\t\t\t<\/div>\n\t\t\t\t<div class=\"elementor-element elementor-element-ecd5778 elementor-widget elementor-widget-text-editor\" data-id=\"ecd5778\" data-element_type=\"widget\" data-widget_type=\"text-editor.default\">\n\t\t\t\t\t\t\t\t\t<h3 class=\"flex\" data-orientation=\"vertical\" data-state=\"open\"><button id=\"radix-:rl:\" class=\"flex flex-1 items-center justify-between py-4 transition-all [&amp;[data-state=open]&gt;svg]:rotate-180 text-left text-lg font-semibold text-white hover:no-underline\" type=\"button\" aria-controls=\"radix-:rm:\" aria-expanded=\"true\" data-state=\"open\" data-orientation=\"vertical\" data-radix-collection-item=\"\">What payment methods are accepted?<\/button><\/h3><div id=\"radix-:rm:\" class=\"overflow-hidden text-sm transition-all data-[state=closed]:animate-accordion-up data-[state=open]:animate-accordion-down\" role=\"region\" data-state=\"open\" aria-labelledby=\"radix-:rl:\" data-orientation=\"vertical\"><div class=\"pb-4 pt-0\"><div class=\"text-gray-300 text-base pt-2\">We accept cash payments (Moroccan Dirham or Euro) directly to the driver. For businesses or special requests, bank transfer payment can be arranged in advance.<\/div><\/div><\/div>\t\t\t\t\t\t\t\t<\/div>\n\t\t\t\t<div class=\"elementor-element elementor-element-9a3fab3 elementor-widget elementor-widget-text-editor\" data-id=\"9a3fab3\" data-element_type=\"widget\" data-widget_type=\"text-editor.default\">\n\t\t\t\t\t\t\t\t\t<h3 class=\"flex\" data-orientation=\"vertical\" data-state=\"open\"><button id=\"radix-:rn:\" class=\"flex flex-1 items-center justify-between py-4 transition-all [&amp;[data-state=open]&gt;svg]:rotate-180 text-left text-lg font-semibold text-white hover:no-underline\" type=\"button\" aria-controls=\"radix-:ro:\" aria-expanded=\"true\" data-state=\"open\" data-orientation=\"vertical\" data-radix-collection-item=\"\">How far in advance should I book?<\/button><\/h3><div id=\"radix-:ro:\" class=\"overflow-hidden text-sm transition-all data-[state=closed]:animate-accordion-up data-[state=open]:animate-accordion-down\" role=\"region\" data-state=\"open\" aria-labelledby=\"radix-:rn:\" data-orientation=\"vertical\"><div class=\"pb-4 pt-0\"><div class=\"text-gray-300 text-base pt-2\">We recommend booking at least 24 hours in advance to ensure vehicle availability. For last-minute requests, feel free to call us directly\u2014we will do our best to accommodate you.<\/div><\/div><\/div>\t\t\t\t\t\t\t\t<\/div>\n\t\t\t\t<div class=\"elementor-element elementor-element-f36491b elementor-widget elementor-widget-text-editor\" data-id=\"f36491b\" data-element_type=\"widget\" data-widget_type=\"text-editor.default\">\n\t\t\t\t\t\t\t\t\t<h3 class=\"flex\" data-orientation=\"vertical\" data-state=\"open\"><button id=\"radix-:rt:\" class=\"flex flex-1 items-center justify-between py-4 transition-all [&amp;[data-state=open]&gt;svg]:rotate-180 text-left text-lg font-semibold text-white hover:no-underline\" type=\"button\" aria-controls=\"radix-:ru:\" aria-expanded=\"true\" data-state=\"open\" data-orientation=\"vertical\" data-radix-collection-item=\"\">Are your rates really fixed?<\/button><\/h3><div id=\"radix-:ru:\" class=\"overflow-hidden text-sm transition-all data-[state=closed]:animate-accordion-up data-[state=open]:animate-accordion-down\" role=\"region\" data-state=\"open\" aria-labelledby=\"radix-:rt:\" data-orientation=\"vertical\"><div class=\"pb-4 pt-0\"><div class=\"text-gray-300 text-base pt-2\">Absolutely. The price communicated to you at confirmation is the final price you will pay. No surprises, no hidden fees. This includes tolls and waiting time at the airport.<\/div><\/div><\/div>\t\t\t\t\t\t\t\t<\/div>\n\t\t\t\t<div class=\"elementor-element elementor-element-def146d elementor-widget elementor-widget-text-editor\" data-id=\"def146d\" data-element_type=\"widget\" data-widget_type=\"text-editor.default\">\n\t\t\t\t\t\t\t\t\t<p><button id=\"radix-:rv:\" class=\"flex flex-1 items-center justify-between py-4 transition-all [&amp;[data-state=open]&gt;svg]:rotate-180 text-left text-lg font-semibold text-white hover:no-underline\" type=\"button\" aria-controls=\"radix-:r10:\" aria-expanded=\"true\" data-state=\"open\" data-orientation=\"vertical\" data-radix-collection-item=\"\">How can I contact customer service?<\/button><\/p><div id=\"radix-:r10:\" class=\"overflow-hidden text-sm transition-all data-[state=closed]:animate-accordion-up data-[state=open]:animate-accordion-down\" role=\"region\" data-state=\"open\" aria-labelledby=\"radix-:rv:\" data-orientation=\"vertical\"><div class=\"pb-4 pt-0\"><div class=\"text-gray-300 text-base pt-2\">You can reach us 24\/7 by phone at\u00a0<a class=\"text-brand-yellow underline hover:text-brand-gold\" href=\"tel:+33758228532\">+33 7 58 22 85 32<\/a> <span class=\"header-title username\">\u00a0<\/span>\u00a0We are always available to assist you.<\/div><\/div><\/div>\t\t\t\t\t\t\t\t<\/div>\n\t\t\t\t<div class=\"elementor-element elementor-element-e0cbf5c elementor-widget elementor-widget-heading\" data-id=\"e0cbf5c\" data-element_type=\"widget\" data-widget_type=\"heading.default\">\n\t\t\t\t\t<h2 class=\"elementor-heading-title elementor-size-default\">Can\u2019t find an answer?<\/h2>\t\t\t\t<\/div>\n\t\t\t\t<div class=\"elementor-element elementor-element-12a5255 elementor-widget elementor-widget-text-editor\" data-id=\"12a5255\" data-element_type=\"widget\" data-widget_type=\"text-editor.default\">\n\t\t\t\t\t\t\t\t\t<p class=\"text-gray-400 mt-2 mb-6\">Our team is here to help you. Contact us directly.<\/p>\t\t\t\t\t\t\t\t<\/div>\n\t\t\t\t<div class=\"elementor-element elementor-element-85659f4 elementor-align-center elementor-widget elementor-widget-button\" data-id=\"85659f4\" data-element_type=\"widget\" data-widget_type=\"button.default\">\n\t\t\t\t\t\t\t\t\t\t<a class=\"elementor-button elementor-button-link elementor-size-sm\" href=\"https:\/\/kechcap.com\/en\/nos-tarifs-de-taxi-prive-au-maroc\/\">\n\t\t\t\t\t\t<span class=\"elementor-button-content-wrapper\">\n\t\t\t\t\t\t\t\t\t<span class=\"elementor-button-text\">Contacter le support <\/span>\n\t\t\t\t\t<\/span>\n\t\t\t\t\t<\/a>\n\t\t\t\t\t\t\t\t<\/div>\n\t\t\t\t<div class=\"elementor-element elementor-element-6fe3c13 elementor-shape-rounded elementor-grid-0 e-grid-align-center elementor-invisible elementor-widget elementor-widget-social-icons\" data-id=\"6fe3c13\" data-element_type=\"widget\" data-settings=\"{&quot;_animation&quot;:&quot;bounceIn&quot;}\" data-widget_type=\"social-icons.default\">\n\t\t\t\t\t\t\t<div class=\"elementor-social-icons-wrapper elementor-grid\">\n\t\t\t\t\t\t\t<span class=\"elementor-grid-item\">\n\t\t\t\t\t<a class=\"elementor-icon elementor-social-icon elementor-social-icon-whatsapp elementor-animation-bounce-in elementor-repeater-item-8060cae\" href=\"https:\/\/wa.me\/33758228532\" target=\"_blank\" rel=\"noopener\">\n\t\t\t\t\t\t<span class=\"elementor-screen-only\">Whatsapp<\/span>\n\t\t\t\t\t\t<svg aria-hidden=\"true\" class=\"e-font-icon-svg e-fab-whatsapp\" viewbox=\"0 0 448 512\" xmlns=\"http:\/\/www.w3.org\/2000\/svg\"><path d=\"M380.9 97.1C339 55.1 283.2 32 223.9 32c-122.4 0-222 99.6-222 222 0 39.1 10.2 77.3 29.6 111L0 480l117.7-30.9c32.4 17.7 68.9 27 106.1 27h.1c122.3 0 224.1-99.6 224.1-222 0-59.3-25.2-115-67.1-157zm-157 341.6c-33.2 0-65.7-8.9-94-25.7l-6.7-4-69.8 18.3L72 359.2l-4.4-7c-18.5-29.4-28.2-63.3-28.2-98.2 0-101.7 82.8-184.5 184.6-184.5 49.3 0 95.6 19.2 130.4 54.1 34.8 34.9 56.2 81.2 56.1 130.5 0 101.8-84.9 184.6-186.6 184.6zm101.2-138.2c-5.5-2.8-32.8-16.2-37.9-18-5.1-1.9-8.8-2.8-12.5 2.8-3.7 5.6-14.3 18-17.6 21.8-3.2 3.7-6.5 4.2-12 1.4-32.6-16.3-54-29.1-75.5-66-5.7-9.8 5.7-9.1 16.3-30.3 1.8-3.7.9-6.9-.5-9.7-1.4-2.8-12.5-30.1-17.1-41.2-4.5-10.8-9.1-9.3-12.5-9.5-3.2-.2-6.9-.2-10.6-.2-3.7 0-9.7 1.4-14.8 6.9-5.1 5.6-19.4 19-19.4 46.3 0 27.3 19.9 53.7 22.6 57.4 2.8 3.7 39.1 59.7 94.8 83.8 35.2 15.2 49 16.5 66.6 13.9 10.7-1.6 32.8-13.4 37.4-26.4 4.6-13 4.6-24.1 3.2-26.4-1.3-2.5-5-3.9-10.5-6.6z\"><\/path><\/svg>\t\t\t\t\t<\/a>\n\t\t\t\t<\/span>\n\t\t\t\t\t<\/div>\n\t\t\t\t\t\t<\/div>\n\t\t\t\t\t<\/div>\n\t\t\t\t<\/div>\n\t\t\t\t<\/div>","protected":false},"excerpt":{"rendered":"<p>Questions Fr\u00e9quentes Trouvez ici les r\u00e9ponses \u00e0 vos questions. Si vous ne trouvez pas votre bonheur, n&rsquo;h\u00e9sitez pas \u00e0 nous contacter. Comment r\u00e9server mon trajet ? C&rsquo;est tr\u00e8s simple ! Il vous suffit de remplir notre formulaire sur la page\u00a0R\u00e9servation. Nous vous contacterons ensuite rapidement pour confirmer tous les d\u00e9tails avec vous. Quels sont les [&hellip;]<\/p>","protected":false},"author":1,"featured_media":0,"parent":0,"menu_order":0,"comment_status":"closed","ping_status":"closed","template":"","meta":{"footnotes":""},"class_list":["post-33","page","type-page","status-publish","hentry"],"_links":{"self":[{"href":"https:\/\/kechcap.com\/en\/wp-json\/wp\/v2\/pages\/33","targetHints":{"allow":["GET"]}}],"collection":[{"href":"https:\/\/kechcap.com\/en\/wp-json\/wp\/v2\/pages"}],"about":[{"href":"https:\/\/kechcap.com\/en\/wp-json\/wp\/v2\/types\/page"}],"author":[{"embeddable":true,"href":"https:\/\/kechcap.com\/en\/wp-json\/wp\/v2\/users\/1"}],"replies":[{"embeddable":true,"href":"https:\/\/kechcap.com\/en\/wp-json\/wp\/v2\/comments?post=33"}],"version-history":[{"count":18,"href":"https:\/\/kechcap.com\/en\/wp-json\/wp\/v2\/pages\/33\/revisions"}],"predecessor-version":[{"id":321,"href":"https:\/\/kechcap.com\/en\/wp-json\/wp\/v2\/pages\/33\/revisions\/321"}],"wp:attachment":[{"href":"https:\/\/kechcap.com\/en\/wp-json\/wp\/v2\/media?parent=33"}],"curies":[{"name":"wp","href":"https:\/\/api.w.org\/{rel}","templated":true}]}}